{"id":1159,"date":"2013-03-02T17:50:42","date_gmt":"2013-03-02T17:50:42","guid":{"rendered":"http:\/\/www.infoproductos.net\/?page_id=1159"},"modified":"2013-03-02T17:50:42","modified_gmt":"2013-03-02T17:50:42","slug":"derechos-en-infoproductos","status":"publish","type":"page","link":"https:\/\/infoproducto.com\/?page_id=1159","title":{"rendered":"Derechos en InfoProductos?"},"content":{"rendered":"<p><strong>Los Productos Digitales, como cualquier otro producto de creaci\u00f3n humana, est\u00e1 regido por las leyes de la sociedad para garantizar la propiedad intelectual sobre el mismo.<\/strong><\/p>\n<p>Hay diferentes derechos dependiendo que es lo que \u00abse puede o no se puede hacer\u00bb con el mismo.<\/p>\n<p>Veremos los diferentes tipos de derechos, con su respectiva abreviatura y nombre en ingles.<\/p>\n<p>&nbsp;<\/p>\n<p><span style=\"text-decoration: underline;\"><strong>Derechos de USO(PR\/Private Right):\u00a0<\/strong> <\/span><\/p>\n<p>Son los derechos que permiten que el infoproductos s\u00f3lo sea usado por la persona que lo adquiere. No se pueden vender ni distribuir.<\/p>\n<p>&nbsp;<\/p>\n<p><span style=\"text-decoration: underline;\"><strong>Derechos de Distribuci\u00f3n(GR\/Get Right):<\/strong> <\/span><\/p>\n<p>Pueden ser regalados gratuitamente, pero no pueden ser modificados. Esto te sirve generalmente para crear una Lista de Suscriptores.<\/p>\n<p>&nbsp;<\/p>\n<p><span style=\"text-decoration: underline;\"><strong>Derechos de Reventa(RR\/Resell Right):<\/strong> <\/span><\/p>\n<p>Se pueden vender tal cual est\u00e1n, y no te dejan hacer demasiados cambios. Por lo general te permiten cambiar el nombre y colocar tu bot\u00f3n de compra en la p\u00e1gina de ventas.<\/p>\n<p>&nbsp;<\/p>\n<p><strong><span style=\"text-decoration: underline;\">Derechos de Reventa Maestros (MRR\/Master Resell Right):<\/span><\/strong><\/p>\n<p>Por lo general es mayor la cantidad de posibilidades para modificar el producto que te dan. Muchos incluyen la posibilidad para generar nuevos productos con Derecho de Uso y con Derecho de Reventa, a partir del mismo.<\/p>\n<p>&nbsp;<\/p>\n<p><span style=\"text-decoration: underline;\"><strong>Derechos de Marca Privada (PLR\/Private Label Right):<\/strong><\/span><\/p>\n<p>Estos derechos son los m\u00e1s abiertos, y te permiten hacer casi pr\u00e1cticamente todo. Tanto que tu puedes crear otro producto nuevo a partir de este.<\/p>\n<p>&nbsp;<\/p>\n<p><strong><span style=\"text-decoration: underline;\">Derechos de Desarrollador (DR\/Developer Right):<\/span><\/strong><\/p>\n<p>Por lo general, los Plugins o Scripts de software, tiene el derecho de desarrollador que conciste en permitirles el uso del mismo en cada uno de los proyectos que lo utilice siempre y cuando sean de su propiedad, o incluso algunos en las webs de tus clientes.<\/p>\n<p><em><strong><span style=\"text-decoration: underline;\">Otros<\/span>:<\/strong><\/em><\/p>\n<p>k<\/p>\n<p>&nbsp;<\/p>\n<p>*NOTA: Nosotros podemos generar nuestros propios derechos para cada uno de los productos que creamos.<\/p>\n","protected":false},"excerpt":{"rendered":"<p>Los Productos Digitales, como cualquier otro producto de creaci\u00f3n humana, est\u00e1 regido por las leyes de la sociedad para garantizar la propiedad intelectual sobre el mismo. Hay diferentes derechos dependiendo que es lo que \u00abse puede o no se puede hacer\u00bb con el mismo. Veremos los diferentes tipos de derechos, con su respectiva abreviatura y [&hellip;]<\/p>\n","protected":false},"author":1,"featured_media":0,"parent":0,"menu_order":0,"comment_status":"open","ping_status":"open","template":"template-sidebar.php","meta":{"footnotes":""},"class_list":["post-1159","page","type-page","status-publish","hentry"],"_links":{"self":[{"href":"https:\/\/infoproducto.com\/index.php?rest_route=\/wp\/v2\/pages\/1159","targetHints":{"allow":["GET"]}}],"collection":[{"href":"https:\/\/infoproducto.com\/index.php?rest_route=\/wp\/v2\/pages"}],"about":[{"href":"https:\/\/infoproducto.com\/index.php?rest_route=\/wp\/v2\/types\/page"}],"author":[{"embeddable":true,"href":"https:\/\/infoproducto.com\/index.php?rest_route=\/wp\/v2\/users\/1"}],"replies":[{"embeddable":true,"href":"https:\/\/infoproducto.com\/index.php?rest_route=%2Fwp%2Fv2%2Fcomments&post=1159"}],"version-history":[{"count":0,"href":"https:\/\/infoproducto.com\/index.php?rest_route=\/wp\/v2\/pages\/1159\/revisions"}],"wp:attachment":[{"href":"https:\/\/infoproducto.com\/index.php?rest_route=%2Fwp%2Fv2%2Fmedia&parent=1159"}],"curies":[{"name":"wp","href":"https:\/\/api.w.org\/{rel}","templated":true}]}}