{"id":1291,"date":"2009-08-03T17:12:05","date_gmt":"2009-08-03T17:12:05","guid":{"rendered":"http:\/\/infoproductos.net\/?page_id=143"},"modified":"2009-08-03T17:12:05","modified_gmt":"2009-08-03T17:12:05","slug":"infoproductos-com","status":"publish","type":"page","link":"https:\/\/infoproducto.com\/?page_id=1291","title":{"rendered":"InfoProductos.COM"},"content":{"rendered":"<h2 style=\"text-align: center;\"><span style=\"text-decoration: underline;\">InfoProductos.COM, la tienda de los Productos Digitales<\/span><\/h2>\n<p><strong>En <a href=\"http:\/\/www.infoproductos.com\" target=\"_blank\" rel=\"noopener\">InfoProdudtos.com<\/a> encontrar\u00e1s productos digitales con derechos de uso,\u00a0 Derechos de Reventa, Derechos de Marca Privada (PLR) tanto en espa\u00f1ol como en ingl\u00e9s. permiten la reventa de los productos en ciertas condiciones.<\/strong><\/p>\n<h3><span style=\"text-decoration: underline;\">LISTADO de INFOPRODUCTOS:<\/span><\/h3>\n<p>(algunos de los m\u00e1s interesantes)<\/p>\n<ul>\n<li><a href=\"http:\/\/www.infoproductos.com\/producto\/ecover-pro-action-script\/\" target=\"_blank\" rel=\"noopener\"><em><strong>eCover Action Script<\/strong><\/em><\/a><\/li>\n<\/ul>\n<p>Se trata de un Script para crear Cajas 3D de productos o tapas de ebooks.<\/p>\n<ul>\n<li><a href=\"http:\/\/www.infoproductos.com\/producto\/formateador-viral-de-emails\/\" target=\"_blank\" rel=\"noopener\"><em><strong>Formateador Viral de Emails<\/strong><\/em><\/a><\/li>\n<\/ul>\n<p>Script que te permite ajustar tus Emails a 50 caracteres. Ideal para prepara los mensajes para tu autorrespondedor. Tambi\u00e9n lo puedes ofrecer como un servicio en tu web.<\/p>\n<ul>\n<li><a href=\"http:\/\/www.infoproductos.com\/producto\/plugin-boton-de-compra-con-retraso\/\" target=\"_blank\" rel=\"noopener\"><em><strong>Bot\u00f3n de Compra con Retraso (Plugins para WordPress)<\/strong><\/em><\/a><\/li>\n<\/ul>\n<p>Plugin para Blogs con WordPress que permite demorar el bot\u00f3n de compra una cierta cantidad de tiempo. Es ideal para colocarlo en una video-carta de ventas y que aparezca cuando terminan de mirar el video.<\/p>\n<p>&nbsp;<\/p>\n<p>&nbsp;<\/p>\n<p style=\"text-align: center;\">&#8212;&#8212;&#8212;&#8212;&#8212;&#8212;DESACTUALIZADOS-(Consultar)&#8212;&#8212;&#8212;&#8212;&#8212;&#8212;&#8212;&#8212;&#8212;&#8212;&#8212;&#8212;&#8212;&#8212;&#8212;&#8212;&#8212;&#8212;&#8212;<\/p>\n<ul>\n<li><span style=\"text-decoration: underline;\"><em><strong>Super Pack de Dise\u00f1o Web (25d\u00f3lares &#8211; Derechos de Reventa)<\/strong><\/em><\/span><\/li>\n<\/ul>\n<p>Se trata de un pack -conjunto- de varios archivos que contienen desde plantillas web, iconos, im\u00e1genes e incluso tutoriales para crear y montar webs.<\/p>\n<ul>\n<li><em><strong><span style=\"text-decoration: underline;\">AutoResponder Ilimitado (30 d\u00f3lares &#8211; Derechos de Reventa)<\/span><\/strong><\/em><\/li>\n<\/ul>\n<p>Se trata de un Pack que contiene un Programa escrito en PHP y un conjunto de videos m\u00e1s las web de ventas. Los Autorresponders permiten desde crear un Bolet\u00edn, a gestionar las Suscripciones y\/o enviar informaci\u00f3n a todos los que tengas registrados en la base de datos. Se usa, para tanto enviar informaci\u00f3n, como oportunidades de negocios a los suscriptores que posiblemente, luego podr\u00e1n ser clientes y adquirir los productos que se les ofrecen.<\/p>\n<p style=\"text-align: center;\">&#8212;&#8212;&#8212;&#8212;&#8212;&#8212;&#8212;&#8212;&#8212;<\/p>\n","protected":false},"excerpt":{"rendered":"<p>InfoProductos.COM, la tienda de los Productos Digitales En InfoProdudtos.com encontrar\u00e1s productos digitales con derechos de uso,\u00a0 Derechos de Reventa, Derechos de Marca Privada (PLR) tanto en espa\u00f1ol como en ingl\u00e9s. permiten la reventa de los productos en ciertas condiciones. LISTADO de INFOPRODUCTOS: (algunos de los m\u00e1s interesantes) eCover Action Script Se trata de un Script [&hellip;]<\/p>\n","protected":false},"author":1,"featured_media":0,"parent":0,"menu_order":0,"comment_status":"closed","ping_status":"open","template":"template-sidebar.php","meta":{"footnotes":""},"class_list":["post-1291","page","type-page","status-publish","hentry"],"_links":{"self":[{"href":"https:\/\/infoproducto.com\/index.php?rest_route=\/wp\/v2\/pages\/1291","targetHints":{"allow":["GET"]}}],"collection":[{"href":"https:\/\/infoproducto.com\/index.php?rest_route=\/wp\/v2\/pages"}],"about":[{"href":"https:\/\/infoproducto.com\/index.php?rest_route=\/wp\/v2\/types\/page"}],"author":[{"embeddable":true,"href":"https:\/\/infoproducto.com\/index.php?rest_route=\/wp\/v2\/users\/1"}],"replies":[{"embeddable":true,"href":"https:\/\/infoproducto.com\/index.php?rest_route=%2Fwp%2Fv2%2Fcomments&post=1291"}],"version-history":[{"count":0,"href":"https:\/\/infoproducto.com\/index.php?rest_route=\/wp\/v2\/pages\/1291\/revisions"}],"wp:attachment":[{"href":"https:\/\/infoproducto.com\/index.php?rest_route=%2Fwp%2Fv2%2Fmedia&parent=1291"}],"curies":[{"name":"wp","href":"https:\/\/api.w.org\/{rel}","templated":true}]}}